{"id":1730,"date":"2024-09-23T15:00:39","date_gmt":"2024-09-23T13:00:39","guid":{"rendered":"https:\/\/gs.jens-ahner.de\/?page_id=1730"},"modified":"2026-01-28T13:52:01","modified_gmt":"2026-01-28T12:52:01","slug":"picus-4","status":"publish","type":"page","link":"https:\/\/gr\u00fcnspechtvisionlabs.com\/?page_id=1730&lang=de","title":{"rendered":"PICUS"},"content":{"rendered":"<h2>PICUS edge<\/h2>\n<div>\n<p>Modernstes Computer-Vision-Ger\u00e4t f\u00fcr jede Anwendung<\/p>\n<\/div>\n<ul>\n<li>\n<h3>Umfassende Schnittstellenunterst\u00fctzung f\u00fcr die industrielle Automatisierung<\/h3>\n<div>\n<p><strong>PICUS edge<\/strong><span> bietet eine breite Palette an industrietauglichen Schnittstellen, darunter mehrere USB-Ports, Ethernet, CAN, RS-485 und GPIO. Diese gew\u00e4hrleisten eine nahtlose Integration mit verschiedenen Sensoren, Aktoren und anderen Peripherieger\u00e4ten, die in Automatisierungsumgebungen h\u00e4ufig verwendet werden. Diese Vielseitigkeit macht das Ger\u00e4t ideal f\u00fcr Anwendungen, die eine robuste Konnektivit\u00e4t und Kommunikation erfordern.<\/span><\/p>\n<\/div>\n<\/li>\n<li>\n<h3>Integrierte Stromversorgung f\u00fcr USB-Kameras<\/h3>\n<div>\n<p>Mit Blick auf Benutzerfreundlichkeit entwickelt, verf\u00fcgt PICUS edge \u00fcber eine interne Stromversorgung, die mehrere USB-Kameras unterst\u00fctzt und somit den Bedarf an externen Stromquellen eliminiert. Dies vereinfacht die Einrichtung und reduziert Kabelsalat, was das Ger\u00e4t perfekt f\u00fcr platzbeschr\u00e4nkte Umgebungen macht, in denen mehrere Kameras eingesetzt werden.<\/p>\n<\/div>\n<\/li>\n<li>\n<h3>No-Code-Softwareumgebung zur Konfiguration<\/h3>\n<div>\n<p><strong>PICUS edge<\/strong><span> enth\u00e4lt eine benutzerfreundliche No-Code-Softwareumgebung, die es Anwendern erm\u00f6glicht, das Verhalten des Ger\u00e4ts basierend auf den Ergebnissen verschiedener Computer-Vision-Modelle einfach zu konfigurieren. Diese intuitive Oberfl\u00e4che erm\u00f6glicht es, komplexe visionbasierte Arbeitsabl\u00e4ufe ohne fortgeschrittene Programmierkenntnisse einzurichten, zu implementieren und zu verwalten. Dies verk\u00fcrzt die Bereitstellungszeit erheblich und erm\u00f6glicht schnelles Prototyping.<\/span><\/p>\n<\/div>\n<\/li>\n<li>\n<h3>Echtzeitverarbeitung und Entscheidungsfindung<\/h3>\n<div>\n<p>Ausgestattet mit leistungsstarken Verarbeitungskapazit\u00e4ten erm\u00f6glicht <strong>PICUS edge<\/strong> die Echtzeitanalyse von visuellen Daten und die sofortige Ausf\u00fchrung von Aktionen basierend auf den Ergebnissen der Computer-Vision-Analyse. Dies gew\u00e4hrleistet schnelle und genaue Reaktionen in kritischen Anwendungen wie der Qualit\u00e4tskontrolle, vorausschauender Wartung und Sicherheits\u00fcberwachung.<\/p>\n<\/div>\n<\/li>\n<li>\n<h3>Robustes und zuverl\u00e4ssiges Design<\/h3>\n<div>\n<p><strong>PICUS edge<\/strong> wurde entwickelt, um den rauen Bedingungen industrieller Umgebungen standzuhalten. Entwickelt f\u00fcr eine Vielzahl von Anwendungen, darunter industrielle Automatisierung, intelligente \u00dcberwachung, autonome Fahrzeuge und IoT, kombiniert dieses kompakte, aber leistungsstarke Ger\u00e4t fortschrittliche Verarbeitungskapazit\u00e4ten mit modernster Computer-Vision-Technologie.<\/p>\n<\/div>\n<\/li>\n<\/ul>\n<div>\n<p><span><strong>PICUS edge<\/strong> \u00a0ist ein hochmodernes Embedded-Computer-Vision-Ger\u00e4t, das f\u00fcr intelligentes Edge-Computing mit unvergleichlicher Leistung und Effizienz entwickelt wurde. Es ist f\u00fcr eine Vielzahl von Anwendungen konzipiert, darunter Industrieautomatisierung, intelligente \u00dcberwachung, autonome Fahrzeuge und IoT. Das kompakte, aber leistungsstarke Ger\u00e4t vereint fortschrittliche Verarbeitungskapazit\u00e4ten mit modernster Computer-Vision-Technologie.<\/span><\/p>\n<\/div>\n<p><img decoding=\"async\" src=\"\/wp-content\/uploads\/2024\/11\/picus1-1.jpg\" alt=\"\"><\/p>\n<div>\n<p>Im Kern basiert <strong>PICUS edge<\/strong> auf einem leistungsstarken Nvidia Jetson NX Orin Prozessor, der nahtlos mit einer dedizierten GPU integriert ist und Echtzeit-Bildverarbeitung und -Analyse erm\u00f6glicht. Dank seines geringen Energieverbrauchs und robusten Designs ist dieses Ger\u00e4t ideal f\u00fcr den Einsatz in Umgebungen, in denen Zuverl\u00e4ssigkeit und Effizienz von entscheidender Bedeutung sind.<\/p>\n<\/div>\n<p><img decoding=\"async\" src=\"\/wp-content\/uploads\/2024\/11\/picus2-2.jpg\" alt=\"\"><\/p>\n<div>\n<p><strong>PICUS edge<\/strong> unterst\u00fctzt eine Vielzahl von industriellen Standardschnittstellen, was es mit einer breiten Palette von Sensoren und Peripherieger\u00e4ten kompatibel macht. Seine flexible, modulare Architektur erm\u00f6glicht eine einfache Anpassung und stellt sicher, dass es die spezifischen Anforderungen Ihrer Anwendung erf\u00fcllt. Ob in einer Fabrik, auf einer Drohne oder in der Smart-City-Infrastruktur eingesetzt, PICUS edge liefert die erforderliche Geschwindigkeit, Genauigkeit und Widerstandsf\u00e4higkeit, um Rohdaten in umsetzbare Erkenntnisse zu verwandeln.<\/p>\n<\/div>\n<p><img decoding=\"async\" src=\"\/wp-content\/uploads\/2024\/08\/gs-bilder_0006_gruenspecht-30.jpg\" alt=\"\"><\/p>\n<p><!--more--><br \/>\n<!-- {\"type\":\"layout\",\"children\":[{\"name\":\"picus header\",\"type\":\"section\",\"props\":{\"animation\":\"slide-top-small\",\"animation_delay\":\"200\",\"header_transparent\":true,\"height_viewport\":550,\"image_height\":600,\"image_position\":\"center-center\",\"image_size\":\"cover\",\"media_overlay\":\"rgba(27, 27, 27, 0.64)\",\"overlap\":false,\"padding_remove_bottom\":false,\"padding_remove_top\":false,\"preserve_color\":false,\"style\":\"muted\",\"title_breakpoint\":\"xl\",\"title_position\":\"top-left\",\"title_rotation\":\"left\",\"vertical_align\":\"\",\"video\":\"wp-content\\\/uploads\\\/2024\\\/11\\\/picus1-1.mp4\",\"video_height\":\"550\",\"width\":\"default\"},\"children\":[{\"type\":\"row\",\"children\":[{\"type\":\"column\",\"props\":{\"image_position\":\"center-center\",\"position_sticky_breakpoint\":\"m\",\"width_medium\":\"1-1\"}}]}]},{\"name\":\"picus inhalt 1\",\"type\":\"section\",\"props\":{\"animation\":\"slide-bottom-small\",\"image_position\":\"center-center\",\"image_size\":\"cover\",\"padding\":\"large\",\"padding_remove_horizontal\":false,\"style\":\"default\",\"title_breakpoint\":\"xl\",\"title_position\":\"top-left\",\"title_rotation\":\"left\",\"vertical_align\":\"\",\"width\":\"default\"},\"children\":[{\"type\":\"row\",\"props\":{\"divider\":true,\"layout\":\"1-2,1-2\"},\"children\":[{\"type\":\"column\",\"props\":{\"image_position\":\"center-center\",\"position_sticky_breakpoint\":\"m\",\"width_medium\":\"1-2\"},\"children\":[{\"type\":\"headline\",\"props\":{\"content\":\"PICUS edge\",\"title_element\":\"h2\",\"title_style\":\"h1\"}},{\"type\":\"divider\",\"props\":{\"divider_element\":\"div\",\"divider_style\":\"small\"}}]},{\"type\":\"column\",\"props\":{\"image_position\":\"center-center\",\"position_sticky_breakpoint\":\"m\",\"width_medium\":\"1-2\"},\"children\":[{\"type\":\"text\",\"props\":{\"column_breakpoint\":\"m\",\"content\":\"\n\n<p>Modernstes Computer-Vision-Ger\\u00e4t f\\u00fcr jede Anwendung<\\\/p>\",\"margin\":\"medium\",\"text_style\":\"lead\"}}]}]},{\"type\":\"row\",\"children\":[{\"type\":\"column\",\"props\":{\"image_position\":\"center-center\",\"position_sticky_breakpoint\":\"m\",\"style\":\"tile-muted\"},\"children\":[{\"type\":\"accordion\",\"props\":{\"blend\":false,\"collapsible\":true,\"content_column_breakpoint\":\"m\",\"content_dropcap\":false,\"image_align\":\"top\",\"image_grid_breakpoint\":\"m\",\"image_grid_width\":\"1-2\",\"image_svg_color\":\"emphasis\",\"link_style\":\"default\",\"link_text\":\"Read more\",\"margin\":\"medium\",\"multiple\":false,\"show_image\":false,\"show_link\":false},\"children\":[{\"type\":\"accordion_item\",\"props\":{\"content\":\"\n\n<p><strong>PICUS edge<\\\/strong><span> bietet eine breite Palette an industrietauglichen Schnittstellen, darunter mehrere USB-Ports, Ethernet, CAN, RS-485 und GPIO. Diese gew\\u00e4hrleisten eine nahtlose Integration mit verschiedenen Sensoren, Aktoren und anderen Peripherieger\\u00e4ten, die in Automatisierungsumgebungen h\\u00e4ufig verwendet werden. Diese Vielseitigkeit macht das Ger\\u00e4t ideal f\\u00fcr Anwendungen, die eine robuste Konnektivit\\u00e4t und Kommunikation erfordern.<\\\/span><\\\/p>\",\"title\":\"Umfassende Schnittstellenunterst\\u00fctzung f\\u00fcr die industrielle Automatisierung\"}},{\"type\":\"accordion_item\",\"props\":{\"content\":\"\n\n<p>Mit Blick auf Benutzerfreundlichkeit entwickelt, verf\\u00fcgt PICUS edge \\u00fcber eine interne Stromversorgung, die mehrere USB-Kameras unterst\\u00fctzt und somit den Bedarf an externen Stromquellen eliminiert. Dies vereinfacht die Einrichtung und reduziert Kabelsalat, was das Ger\\u00e4t perfekt f\\u00fcr platzbeschr\\u00e4nkte Umgebungen macht, in denen mehrere Kameras eingesetzt werden.<\\\/p>\",\"title\":\"Integrierte Stromversorgung f\\u00fcr USB-Kameras\"}},{\"type\":\"accordion_item\",\"props\":{\"content\":\"\n\n<p><strong>PICUS edge<\\\/strong><span> enth\\u00e4lt eine benutzerfreundliche No-Code-Softwareumgebung, die es Anwendern erm\\u00f6glicht, das Verhalten des Ger\\u00e4ts basierend auf den Ergebnissen verschiedener Computer-Vision-Modelle einfach zu konfigurieren. Diese intuitive Oberfl\\u00e4che erm\\u00f6glicht es, komplexe visionbasierte Arbeitsabl\\u00e4ufe ohne fortgeschrittene Programmierkenntnisse einzurichten, zu implementieren und zu verwalten. Dies verk\\u00fcrzt die Bereitstellungszeit erheblich und erm\\u00f6glicht schnelles Prototyping.<\\\/span><\\\/p>\",\"title\":\"No-Code-Softwareumgebung zur Konfiguration\"}},{\"type\":\"accordion_item\",\"props\":{\"content\":\"\n\n<p>Ausgestattet mit leistungsstarken Verarbeitungskapazit\\u00e4ten erm\\u00f6glicht <strong>PICUS edge<\\\/strong> die Echtzeitanalyse von visuellen Daten und die sofortige Ausf\\u00fchrung von Aktionen basierend auf den Ergebnissen der Computer-Vision-Analyse. Dies gew\\u00e4hrleistet schnelle und genaue Reaktionen in kritischen Anwendungen wie der Qualit\\u00e4tskontrolle, vorausschauender Wartung und Sicherheits\\u00fcberwachung.<\\\/p>\",\"title\":\"Echtzeitverarbeitung und Entscheidungsfindung\"}},{\"type\":\"accordion_item\",\"props\":{\"content\":\"\n\n<p><strong>PICUS edge<\\\/strong> wurde entwickelt, um den rauen Bedingungen industrieller Umgebungen standzuhalten. Entwickelt f\\u00fcr eine Vielzahl von Anwendungen, darunter industrielle Automatisierung, intelligente \\u00dcberwachung, autonome Fahrzeuge und IoT, kombiniert dieses kompakte, aber leistungsstarke Ger\\u00e4t fortschrittliche Verarbeitungskapazit\\u00e4ten mit modernster Computer-Vision-Technologie.<\\\/p>\",\"title\":\"Robustes und zuverl\\u00e4ssiges Design\"}}]}]}]},{\"type\":\"row\",\"props\":{\"column_gap\":\"large\",\"divider\":true,\"layout\":\"1-2,1-2\",\"row_gap\":\"large\"},\"children\":[{\"type\":\"column\",\"props\":{\"image_position\":\"center-center\",\"position_sticky_breakpoint\":\"m\",\"width_default\":\"auto\",\"width_medium\":\"1-2\"},\"children\":[{\"type\":\"text\",\"props\":{\"column_breakpoint\":\"m\",\"content\":\"\n\n<p><span><strong>PICUS edge<\\\/strong> \\u00a0ist ein hochmodernes Embedded-Computer-Vision-Ger\\u00e4t, das f\\u00fcr intelligentes Edge-Computing mit unvergleichlicher Leistung und Effizienz entwickelt wurde. Es ist f\\u00fcr eine Vielzahl von Anwendungen konzipiert, darunter Industrieautomatisierung, intelligente \\u00dcberwachung, autonome Fahrzeuge und IoT. Das kompakte, aber leistungsstarke Ger\\u00e4t vereint fortschrittliche Verarbeitungskapazit\\u00e4ten mit modernster Computer-Vision-Technologie.<\\\/span><\\\/p>\",\"margin\":\"default\"}}]},{\"type\":\"column\",\"props\":{\"image_position\":\"center-center\",\"position_sticky_breakpoint\":\"m\",\"width_default\":\"1-2\",\"width_medium\":\"1-2\"},\"children\":[{\"type\":\"image\",\"props\":{\"image\":\"wp-content\\\/uploads\\\/2024\\\/11\\\/picus1-1.jpg\",\"image_svg_color\":\"emphasis\",\"margin\":\"default\"}}]}]},{\"type\":\"row\",\"props\":{\"column_gap\":\"large\",\"divider\":true,\"layout\":\"1-2,1-2\",\"row_gap\":\"large\"},\"children\":[{\"type\":\"column\",\"props\":{\"image_position\":\"center-center\",\"position_sticky_breakpoint\":\"m\",\"width_default\":\"auto\",\"width_medium\":\"1-2\"},\"children\":[{\"type\":\"text\",\"props\":{\"column_breakpoint\":\"m\",\"content\":\"\n\n<p>Im Kern basiert <strong>PICUS edge<\\\/strong> auf einem leistungsstarken Nvidia Jetson NX Orin Prozessor, der nahtlos mit einer dedizierten GPU integriert ist und Echtzeit-Bildverarbeitung und -Analyse erm\\u00f6glicht. Dank seines geringen Energieverbrauchs und robusten Designs ist dieses Ger\\u00e4t ideal f\\u00fcr den Einsatz in Umgebungen, in denen Zuverl\\u00e4ssigkeit und Effizienz von entscheidender Bedeutung sind.<\\\/p>\",\"margin\":\"medium\"}}]},{\"type\":\"column\",\"props\":{\"image_position\":\"center-center\",\"position_sticky_breakpoint\":\"m\",\"width_default\":\"1-2\",\"width_medium\":\"1-2\"},\"children\":[{\"type\":\"image\",\"props\":{\"image\":\"wp-content\\\/uploads\\\/2024\\\/11\\\/picus2-2.jpg\",\"image_svg_color\":\"emphasis\",\"margin\":\"default\"}}]}]},{\"type\":\"row\",\"props\":{\"column_gap\":\"large\",\"divider\":true,\"layout\":\"1-2,1-2\",\"row_gap\":\"large\"},\"children\":[{\"type\":\"column\",\"props\":{\"image_position\":\"center-center\",\"position_sticky_breakpoint\":\"m\",\"width_medium\":\"1-2\"},\"children\":[{\"type\":\"text\",\"props\":{\"column_breakpoint\":\"m\",\"content\":\"\n\n<p><strong>PICUS edge<\\\/strong> unterst\\u00fctzt eine Vielzahl von industriellen Standardschnittstellen, was es mit einer breiten Palette von Sensoren und Peripherieger\\u00e4ten kompatibel macht. Seine flexible, modulare Architektur erm\\u00f6glicht eine einfache Anpassung und stellt sicher, dass es die spezifischen Anforderungen Ihrer Anwendung erf\\u00fcllt. Ob in einer Fabrik, auf einer Drohne oder in der Smart-City-Infrastruktur eingesetzt, PICUS edge liefert die erforderliche Geschwindigkeit, Genauigkeit und Widerstandsf\\u00e4higkeit, um Rohdaten in umsetzbare Erkenntnisse zu verwandeln.<\\\/p>\",\"margin\":\"medium\"}}]},{\"type\":\"column\",\"props\":{\"image_position\":\"center-center\",\"position_sticky_breakpoint\":\"m\",\"width_medium\":\"1-2\"},\"children\":[{\"type\":\"image\",\"props\":{\"image\":\"wp-content\\\/uploads\\\/2024\\\/08\\\/gs-bilder_0006_gruenspecht-30.jpg\",\"image_svg_color\":\"emphasis\",\"margin\":\"default\"}}]}]},{\"type\":\"row\",\"props\":{\"column_gap\":\"large\",\"divider\":true,\"layout\":\"1-2,1-2\",\"row_gap\":\"large\"},\"children\":[{\"type\":\"column\",\"props\":{\"image_position\":\"center-center\",\"position_sticky_breakpoint\":\"m\",\"width_medium\":\"1-2\"}},{\"type\":\"column\",\"props\":{\"image_position\":\"center-center\",\"position_sticky_breakpoint\":\"m\",\"width_medium\":\"1-2\"}}]}]},{\"type\":\"section\",\"props\":{\"image_position\":\"center-center\",\"style\":\"default\",\"title_breakpoint\":\"xl\",\"title_position\":\"top-left\",\"title_rotation\":\"left\",\"vertical_align\":\"middle\",\"width\":\"default\"},\"children\":[{\"type\":\"row\",\"props\":{\"layout\":\"1-2,1-2\"},\"children\":[{\"type\":\"column\",\"props\":{\"image_position\":\"center-center\",\"position_sticky_breakpoint\":\"m\",\"width_medium\":\"1-2\"},\"children\":[{\"type\":\"text\",\"props\":{\"column_breakpoint\":\"m\",\"content\":\"\",\"margin\":\"default\"}}]},{\"type\":\"column\",\"props\":{\"image_position\":\"center-center\",\"position_sticky_breakpoint\":\"m\",\"width_medium\":\"1-2\"}}]}],\"name\":\"picus inhalt 2\"}],\"version\":\"4.4.16\"} --><\/p>\n","protected":false},"excerpt":{"rendered":"<p>PICUS edge Modernstes Computer-Vision-Ger\u00e4t f\u00fcr jede Anwendung Umfassende Schnittstellenunterst\u00fctzung f\u00fcr die industrielle Automatisierung PICUS edge bietet eine breite Palette an industrietauglichen Schnittstellen, darunter mehrere USB-Ports, Ethernet, CAN, RS-485 und GPIO. Diese gew\u00e4hrleisten eine nahtlose Integration mit verschiedenen Sensoren, Aktoren und anderen Peripherieger\u00e4ten, die in Automatisierungsumgebungen h\u00e4ufig verwendet werden. Diese Vielseitigkeit macht das Ger\u00e4t ideal f\u00fcr [&hellip;]<\/p>\n","protected":false},"author":1,"featured_media":0,"parent":0,"menu_order":1,"comment_status":"open","ping_status":"closed","template":"","meta":{"_acf_changed":false,"footnotes":""},"class_list":["post-1730","page","type-page","status-publish","hentry"],"acf":[],"_links":{"self":[{"href":"https:\/\/gr\u00fcnspechtvisionlabs.com\/index.php?rest_route=\/wp\/v2\/pages\/1730","targetHints":{"allow":["GET"]}}],"collection":[{"href":"https:\/\/gr\u00fcnspechtvisionlabs.com\/index.php?rest_route=\/wp\/v2\/pages"}],"about":[{"href":"https:\/\/gr\u00fcnspechtvisionlabs.com\/index.php?rest_route=\/wp\/v2\/types\/page"}],"author":[{"embeddable":true,"href":"https:\/\/gr\u00fcnspechtvisionlabs.com\/index.php?rest_route=\/wp\/v2\/users\/1"}],"replies":[{"embeddable":true,"href":"https:\/\/gr\u00fcnspechtvisionlabs.com\/index.php?rest_route=%2Fwp%2Fv2%2Fcomments&post=1730"}],"version-history":[{"count":28,"href":"https:\/\/gr\u00fcnspechtvisionlabs.com\/index.php?rest_route=\/wp\/v2\/pages\/1730\/revisions"}],"predecessor-version":[{"id":2087,"href":"https:\/\/gr\u00fcnspechtvisionlabs.com\/index.php?rest_route=\/wp\/v2\/pages\/1730\/revisions\/2087"}],"wp:attachment":[{"href":"https:\/\/gr\u00fcnspechtvisionlabs.com\/index.php?rest_route=%2Fwp%2Fv2%2Fmedia&parent=1730"}],"curies":[{"name":"wp","href":"https:\/\/api.w.org\/{rel}","templated":true}]}}